{"id":92,"date":"2021-03-19T22:14:33","date_gmt":"2021-03-19T21:14:33","guid":{"rendered":"https:\/\/ordinacevraji.cz\/?page_id=92"},"modified":"2022-08-06T18:34:55","modified_gmt":"2022-08-06T16:34:55","slug":"posudky-a-vzory","status":"publish","type":"page","link":"https:\/\/ordinacevraji.cz\/index.php\/uvod\/informace\/posudky-a-vzory\/","title":{"rendered":"Posudky"},"content":{"rendered":"\t\t<div data-elementor-type=\"wp-page\" data-elementor-id=\"92\" class=\"elementor elementor-92\" data-elementor-post-type=\"page\">\n\t\t\t\t\t\t<section class=\"elementor-section elementor-top-section elementor-element elementor-element-f15d8b9 elementor-section-height-min-height elementor-section-boxed elementor-section-height-default elementor-section-items-middle\" data-id=\"f15d8b9\" data-element_type=\"section\" data-e-type=\"section\" data-settings=\"{&quot;background_background&quot;:&quot;gradient&quot;,&quot;shape_divider_bottom&quot;:&quot;waves&quot;}\">\n\t\t\t\t\t\t\t<div class=\"elementor-background-overlay\"><\/div>\n\t\t\t\t\t\t<div class=\"elementor-shape elementor-shape-bottom\" aria-hidden=\"true\" data-negative=\"false\">\n\t\t\t<svg xmlns=\"http:\/\/www.w3.org\/2000\/svg\" viewBox=\"0 0 1000 100\" preserveAspectRatio=\"none\">\n\t<path class=\"elementor-shape-fill\" d=\"M421.9,6.5c22.6-2.5,51.5,0.4,75.5,5.3c23.6,4.9,70.9,23.5,100.5,35.7c75.8,32.2,133.7,44.5,192.6,49.7\n\tc23.6,2.1,48.7,3.5,103.4-2.5c54.7-6,106.2-25.6,106.2-25.6V0H0v30.3c0,0,72,32.6,158.4,30.5c39.2-0.7,92.8-6.7,134-22.4\n\tc21.2-8.1,52.2-18.2,79.7-24.2C399.3,7.9,411.6,7.5,421.9,6.5z\"\/>\n<\/svg>\t\t<\/div>\n\t\t\t\t\t<div class=\"elementor-container elementor-column-gap-default\">\n\t\t\t\t\t<div class=\"elementor-column elementor-col-100 elementor-top-column elementor-element elementor-element-ec51b83\" data-id=\"ec51b83\" data-element_type=\"column\" data-e-type=\"column\">\n\t\t\t<div class=\"elementor-widget-wrap elementor-element-populated\">\n\t\t\t\t\t\t<div class=\"elementor-element elementor-element-bbc1bf4 elementor-widget elementor-widget-heading\" data-id=\"bbc1bf4\" data-element_type=\"widget\" data-e-type=\"widget\" data-widget_type=\"heading.default\">\n\t\t\t\t<div class=\"elementor-widget-container\">\n\t\t\t\t\t<h1 class=\"elementor-heading-title elementor-size-default\">Posudky<\/h1>\t\t\t\t<\/div>\n\t\t\t\t<\/div>\n\t\t\t\t\t<\/div>\n\t\t<\/div>\n\t\t\t\t\t<\/div>\n\t\t<\/section>\n\t\t\t\t<section class=\"elementor-section elementor-top-section elementor-element elementor-element-e6e4568 elementor-section-boxed elementor-section-height-default elementor-section-height-default\" data-id=\"e6e4568\" data-element_type=\"section\" data-e-type=\"section\">\n\t\t\t\t\t\t<div class=\"elementor-container elementor-column-gap-default\">\n\t\t\t\t\t<div class=\"elementor-column elementor-col-100 elementor-top-column elementor-element elementor-element-d80c4f7\" data-id=\"d80c4f7\" data-element_type=\"column\" data-e-type=\"column\">\n\t\t\t<div class=\"elementor-widget-wrap elementor-element-populated\">\n\t\t\t\t\t\t<div class=\"elementor-element elementor-element-336b4e3 elementor-widget elementor-widget-spacer\" data-id=\"336b4e3\" data-element_type=\"widget\" data-e-type=\"widget\" data-widget_type=\"spacer.default\">\n\t\t\t\t<div class=\"elementor-widget-container\">\n\t\t\t\t\t\t\t<div class=\"elementor-spacer\">\n\t\t\t<div class=\"elementor-spacer-inner\"><\/div>\n\t\t<\/div>\n\t\t\t\t\t\t<\/div>\n\t\t\t\t<\/div>\n\t\t\t\t<div class=\"elementor-element elementor-element-ed3a2fa elementor-widget elementor-widget-text-editor\" data-id=\"ed3a2fa\" data-element_type=\"widget\" data-e-type=\"widget\" data-widget_type=\"text-editor.default\">\n\t\t\t\t<div class=\"elementor-widget-container\">\n\t\t\t\t\t\t\t\t\t<h2><span style=\"color: #088499;\">Posuzov\u00e1n\u00ed zdravotn\u00ed zp\u016fsobilosti ke vzd\u011bl\u00e1v\u00e1n\u00ed<\/span><\/h2>\n<p>(studium na st\u0159edn\u00ed \u0161kole)<\/p>\n<p>K&nbsp;vy\u0161et\u0159en\u00ed je t\u0159eba se p\u0159edem objednat. <br>K&nbsp;vystaven\u00ed posudku p\u0159ineste s&nbsp;sebou formul\u00e1\u0159 <b>L\u00e9ka\u0159sk\u00fd posudek o zdravotn\u00ed zp\u016fsobilosti ke vzd\u011bl\u00e1v\u00e1n\u00ed<\/b>, kter\u00fd <b>najdete<\/b> na webov\u00fdch <b>str\u00e1nk\u00e1ch dan\u00e9 \u0161koly<\/b>.&nbsp;<\/p>\n<p>Pot\u0159ebuji zn\u00e1t n\u00e1zev st\u0159edn\u00ed \u0161koly a k\u00f3d oboru, rizikov\u00e9 faktory a podm\u00ednky v\u00fduky.&nbsp;<br><span style=\"color: var( --e-global-color-text ); font-family: var( --e-global-typography-text-font-family ), varela round; font-size: 1rem;\">U vy\u0161et\u0159en\u00ed je nutn\u00e1&nbsp;<\/span><strong style=\"color: var( --e-global-color-text ); font-family: var( --e-global-typography-text-font-family ), varela round; font-size: 1rem;\">p\u0159\u00edtomnost d\u00edt\u011bte. S<\/strong><span style=\"color: var( --e-global-color-text ); font-family: var( --e-global-typography-text-font-family ), varela round; font-size: 1rem;\">&nbsp;sebou vezm\u011bte&nbsp;<\/span><strong style=\"color: var( --e-global-color-text ); font-family: var( --e-global-typography-text-font-family ), varela round; font-size: 1rem;\">zpr\u00e1vy<\/strong><span style=\"color: var( --e-global-color-text ); font-family: var( --e-global-typography-text-font-family ), varela round; font-size: 1rem;\">&nbsp;<\/span><strong style=\"color: var( --e-global-color-text ); font-family: var( --e-global-typography-text-font-family ), varela round; font-size: 1rem;\">od<\/strong><span style=\"color: var( --e-global-color-text ); font-family: var( --e-global-typography-text-font-family ), varela round; font-size: 1rem;\">&nbsp;<\/span><strong style=\"color: var( --e-global-color-text ); font-family: var( --e-global-typography-text-font-family ), varela round; font-size: 1rem;\">l\u00e9ka\u0159\u016f<\/strong><span style=\"color: var( --e-global-color-text ); font-family: var( --e-global-typography-text-font-family ), varela round; font-size: 1rem;\">&nbsp;specialist\u016f. <\/span><\/p>\n<p><span style=\"color: var( --e-global-color-text ); font-family: var( --e-global-typography-text-font-family ), varela round; font-size: 1rem;\"><strong>Pozor!<\/strong> U n\u011bkter\u00fdch oboru je nutn\u00e9 i vyj\u00e1d\u0159en\u00ed specialisty ke studiu, p\u0159\u00edpadn\u011b dal\u0161\u00ed pot\u0159ebn\u00e1 vy\u0161et\u0159en\u00ed. A\u017e po absolvov\u00e1n\u00ed v\u00fd\u0161e popsan\u00e9ho vyd\u00e1 l\u00e9ka\u0159 posudek, kter\u00fd p\u0159ilo\u017e\u00edte jako p\u0159\u00edlohu k&nbsp;p\u0159ihl\u00e1\u0161ce (na p\u0159ihl\u00e1\u0161ce se nic nepotvrzuje).<\/span><\/p>\n<p><strong>Pozor!<\/strong> Spousta obor\u016f l\u00e9ka\u0159sk\u00fd posudek nepot\u0159ebuje (gymn\u00e1zia, obchodn\u00ed akademie, v\u011bt\u0161ina humanitn\u00edch obor\u016f).<\/p>\n<p><\/p>\n<h2><span style=\"color: #088499;\">Posuzov\u00e1n\u00ed zdravotn\u00ed zp\u016fsobilosti ke sportu<\/span><\/h2>\n<p>Zejm\u00e9na posuzov\u00e1n\u00ed v\u00fdkonnostn\u00edho sportu (zjednodu\u0161en\u011b znamen\u00e1, \u017ee d\u00edt\u011b m\u00e1 pravideln\u00e9 tr\u00e9ninky, je registrov\u00e1no v&nbsp;organizaci a \u00fa\u010dastn\u00ed se sout\u011b\u017e\u00ed).<br>Na prohl\u00eddku je pot\u0159eba se objednat.<\/p>\n<p>Co je pot\u0159eba p\u0159i prvn\u00ed prohl\u00eddce pro dan\u00fd sport:<\/p>\n<ul>\n<li>ide\u00e1ln\u011b&nbsp;<strong>\u017e\u00e1dost o sportovn\u00ed prohl\u00eddku<\/strong>&nbsp;od organizace, u kter\u00e9 je d\u00edt\u011b registrov\u00e1no,<\/li>\n<li><strong>EKG<\/strong><\/li>\n<li><strong>dotazn\u00edk p\u0159ed sportovn\u00edmi aktivitami&nbsp;<\/strong>(vypln\u00edte v&nbsp;ordinaci anebo doma p\u0159edem \u2013 ke sta\u017een\u00ed <a href=\"https:\/\/ordinacevraji.cz\/wp-content\/uploads\/2022\/08\/Dotaznik-pro-sportovce.pdf\">zde<\/a>)<\/li>\n<li><strong>zpr\u00e1vy od l\u00e9ka\u0159\u016f<\/strong>, u kter\u00fdch je d\u00edt\u011b sledov\u00e1no.<\/li>\n<\/ul>\n<p>N\u00e1sleduje anamn\u00e9za, v\u010detn\u011b sportovn\u00ed prohl\u00eddky d\u00edt\u011bte se zam\u011b\u0159en\u00edm na funkci org\u00e1n\u016f, kter\u00e9 budou sportem zat\u011b\u017eov\u00e1ny. Dle v\u0161eho v\u00fd\u0161e uveden\u00e9ho bude vyd\u00e1n posudek s&nbsp;platnost\u00ed jeden rok.<\/p>\n<p>K&nbsp;vy\u0161et\u0159en\u00ed EKG se m\u016f\u017eete objednat v&nbsp;NsP Hav\u00ed\u0159ov, tel. 596491671 v&nbsp;p\u00e1tek&nbsp; 9-10 hod a 11-12 hod. nebo ve sportovn\u00ed ambulanci v Karvinsk\u00e9 hornick\u00e9 nemocnici \u2013 MUDr. Godula-Jiravsk\u00e1 , tel. 724307894, www.sportovniambulance.cz<\/p>\n<p>Pro n\u00e1sledn\u00e9 prohl\u00eddky t\u00fdkaj\u00edc\u00ed se stejn\u00e9ho sportu nen\u00ed ji\u017e znovu pot\u0159eba EKG.<\/p>\n<p><strong>POZOR!<\/strong>&nbsp;Jde-li o vrcholov\u00e9ho sportovce nebo zdravotn\u011b n\u00e1ro\u010dnou sportovn\u00ed discipl\u00ednu (nap\u0159. rugby, box, judo, karate), je pot\u0159eba z\u00e1t\u011b\u017eov\u00e9 vy\u0161et\u0159en\u00ed, kter\u00e9 prov\u00e1d\u00ed sportovn\u00ed ambulance v&nbsp;Karvin\u00e9,&nbsp;<a href=\"http:\/\/www.sportovniambulance.cz\">www.sportovniambulance.cz<\/a><\/p>\n<p><\/p>\n<h2><span style=\"color: #088499;\">Posuzov\u00e1n\u00ed zdravotn\u00ed zp\u016fsobilosti pro \u00fa\u010dast na zotavovac\u00ed akci<\/span><\/h2>\n<p>(\u0161kola v p\u0159\u00edrod\u011b, t\u00e1bor, ly\u017ea\u0159sk\u00fd v\u00fdcvik, soust\u0159ed\u011bn\u00ed apod.)<\/p>\n<p>K vy\u0161et\u0159en\u00ed je vhodn\u00e9 se p\u0159edem telefonicky objednat. Pokud m\u00e1te<strong> zpr\u00e1vy od l\u00e9ka\u0159\u016f<\/strong>, u kter\u00fdch je d\u00edt\u011b sledov\u00e1no (nap\u0159. alergolog, o\u010dn\u00ed, neurolog, ortoped apod.), vezm\u011bte je s sebou. Na z\u00e1klad\u011b toho bude vyd\u00e1n&nbsp;<strong>posudek s&nbsp;platnost\u00ed na 2 roky.<br><\/strong>Doporu\u010dujeme si tento posudek okop\u00edrovat, aby mohl b\u00fdt pou\u017eit znovu po dobu t\u011bchto dvou let.<\/p>\n<p><\/p>\n<h3><span style=\"color: #088499;\">D\u016eLE\u017dIT\u00c9 UPOZORN\u011aN\u00cd<\/span><\/h3>\n<p>Posudky m\u016f\u017ee vyd\u00e1vat POUZE registruj\u00edc\u00ed l\u00e9ka\u0159, NIKOLIV zastupuj\u00edc\u00ed l\u00e9ka\u0159 v dob\u011b dovolen\u00e9. Posudky na zotavovac\u00ed akce, t\u00e1bory, \u0161koly v p\u0159\u00edrod\u011b si je proto t\u0159eba zajistit s dostate\u010dn\u00fdm p\u0159edstihem a ne\u010dekat a\u017e na pr\u00e1zdniny !<\/p>\t\t\t\t\t\t\t\t<\/div>\n\t\t\t\t<\/div>\n\t\t\t\t<div class=\"elementor-element elementor-element-39904d2 elementor-widget elementor-widget-spacer\" data-id=\"39904d2\" data-element_type=\"widget\" data-e-type=\"widget\" data-widget_type=\"spacer.default\">\n\t\t\t\t<div class=\"elementor-widget-container\">\n\t\t\t\t\t\t\t<div class=\"elementor-spacer\">\n\t\t\t<div class=\"elementor-spacer-inner\"><\/div>\n\t\t<\/div>\n\t\t\t\t\t\t<\/div>\n\t\t\t\t<\/div>\n\t\t\t\t\t<\/div>\n\t\t<\/div>\n\t\t\t\t\t<\/div>\n\t\t<\/section>\n\t\t\t\t<\/div>\n\t\t","protected":false},"excerpt":{"rendered":"<p>Posudky Posuzov\u00e1n\u00ed zdravotn\u00ed zp\u016fsobilosti ke vzd\u011bl\u00e1v\u00e1n\u00ed (studium na st\u0159edn\u00ed \u0161kole) K&nbsp;vy\u0161et\u0159en\u00ed je t\u0159eba se p\u0159edem objednat. K&nbsp;vystaven\u00ed posudku p\u0159ineste s&nbsp;sebou formul\u00e1\u0159 L\u00e9ka\u0159sk\u00fd posudek o zdravotn\u00ed zp\u016fsobilosti ke vzd\u011bl\u00e1v\u00e1n\u00ed, kter\u00fd najdete na webov\u00fdch str\u00e1nk\u00e1ch dan\u00e9 \u0161koly.&nbsp; Pot\u0159ebuji zn\u00e1t n\u00e1zev st\u0159edn\u00ed \u0161koly a k\u00f3d oboru, rizikov\u00e9 faktory a podm\u00ednky v\u00fduky.&nbsp;U vy\u0161et\u0159en\u00ed je nutn\u00e1&nbsp;p\u0159\u00edtomnost d\u00edt\u011bte. S&nbsp;sebou vezm\u011bte&nbsp;zpr\u00e1vy&nbsp;od&nbsp;l\u00e9ka\u0159\u016f&nbsp;specialist\u016f. Pozor! [&hellip;]<\/p>\n","protected":false},"author":1,"featured_media":0,"parent":88,"menu_order":4,"comment_status":"closed","ping_status":"closed","template":"elementor_header_footer","meta":{"footnotes":""},"class_list":["post-92","page","type-page","status-publish","hentry"],"_links":{"self":[{"href":"https:\/\/ordinacevraji.cz\/index.php\/wp-json\/wp\/v2\/pages\/92","targetHints":{"allow":["GET"]}}],"collection":[{"href":"https:\/\/ordinacevraji.cz\/index.php\/wp-json\/wp\/v2\/pages"}],"about":[{"href":"https:\/\/ordinacevraji.cz\/index.php\/wp-json\/wp\/v2\/types\/page"}],"author":[{"embeddable":true,"href":"https:\/\/ordinacevraji.cz\/index.php\/wp-json\/wp\/v2\/users\/1"}],"replies":[{"embeddable":true,"href":"https:\/\/ordinacevraji.cz\/index.php\/wp-json\/wp\/v2\/comments?post=92"}],"version-history":[{"count":17,"href":"https:\/\/ordinacevraji.cz\/index.php\/wp-json\/wp\/v2\/pages\/92\/revisions"}],"predecessor-version":[{"id":845,"href":"https:\/\/ordinacevraji.cz\/index.php\/wp-json\/wp\/v2\/pages\/92\/revisions\/845"}],"up":[{"embeddable":true,"href":"https:\/\/ordinacevraji.cz\/index.php\/wp-json\/wp\/v2\/pages\/88"}],"wp:attachment":[{"href":"https:\/\/ordinacevraji.cz\/index.php\/wp-json\/wp\/v2\/media?parent=92"}],"curies":[{"name":"wp","href":"https:\/\/api.w.org\/{rel}","templated":true}]}}